{"id":640,"date":"2018-10-08T12:28:17","date_gmt":"2018-10-08T10:28:17","guid":{"rendered":"https:\/\/www.forsane.com\/formation\/?page_id=640"},"modified":"2021-09-22T17:20:49","modified_gmt":"2021-09-22T15:20:49","slug":"mentions-legales","status":"publish","type":"page","link":"https:\/\/www.forsane.com\/formation\/mentions-legales\/","title":{"rendered":"Mentions l\u00e9gales"},"content":{"rendered":"<p>[et_pb_section fb_built=\u00a0\u00bb1&Prime; admin_label=\u00a0\u00bbsection\u00a0\u00bb _builder_version=\u00a0\u00bb3.22&Prime; global_colors_info=\u00a0\u00bb{}\u00a0\u00bb][et_pb_row admin_label=\u00a0\u00bbrow\u00a0\u00bb _builder_version=\u00a0\u00bb3.25&Prime; background_size=\u00a0\u00bbinitial\u00a0\u00bb background_position=\u00a0\u00bbtop_left\u00a0\u00bb background_repeat=\u00a0\u00bbrepeat\u00a0\u00bb global_colors_info=\u00a0\u00bb{}\u00a0\u00bb][et_pb_column type=\u00a0\u00bb4_4&Prime; _builder_version=\u00a0\u00bb3.25&Prime; custom_padding=\u00a0\u00bb|||\u00a0\u00bb global_colors_info=\u00a0\u00bb{}\u00a0\u00bb custom_padding__hover=\u00a0\u00bb|||\u00a0\u00bb][et_pb_text admin_label=\u00a0\u00bbText\u00a0\u00bb _builder_version=\u00a0\u00bb4.9.4&Prime; header_font=\u00a0\u00bb||||||||\u00a0\u00bb header_4_font=\u00a0\u00bbOpen Sans|600||on|||||\u00a0\u00bb header_4_text_color=\u00a0\u00bb#7c2379&Prime; header_4_font_size=\u00a0\u00bb20px\u00a0\u00bb header_4_line_height=\u00a0\u00bb1.5em\u00a0\u00bb background_size=\u00a0\u00bbinitial\u00a0\u00bb background_position=\u00a0\u00bbtop_left\u00a0\u00bb background_repeat=\u00a0\u00bbrepeat\u00a0\u00bb global_colors_info=\u00a0\u00bb{}\u00a0\u00bb]<\/p>\n<h4 id=\"ctitre\">La carte d\u2019identit\u00e9 Forsane<\/h4>\n<p>SARL cr\u00e9\u00e9e en 2006, au capital de 5 000 euros, RCS Nantes 492 397 138, Code Naf\/Ape 7022Z,<br \/>35 rue des Olivettes &#8211; 44000 Nantes, T\u00e9l : +33 (0)2 40 77 95 62<\/p>\n<div><\/div>\n<div><strong>Objet social :<\/strong><\/div>\n<ul>\n<li>Formation professionnelle, enseignement sous toutes ses formes et sur tous supports, \u00e0 destination de tout public.<\/li>\n<li>Conseil, assistance op\u00e9rationnelle et cr\u00e9ation au moyen de tous supports et tous m\u00e9dias<br \/>(notamment Print, Web, Logiciel) autour des domaines suivants :\u00a0 Marketing ou e-marketing, Communication interne ou externe, Communication \u00e9crite, Communication visuelle, Ing\u00e9nierie de formation<\/li>\n<li>Conseil et assistance op\u00e9rationnelle \u00e0 l&rsquo;organisation d&rsquo;\u00e9v\u00e8nements priv\u00e9s, publics ou associatifs<\/li>\n<\/ul>\n<p>Identification TVA : FR57492397138<\/p>\n<p><strong>D\u00e9claration d\u2019existence organisme de formation<br \/><\/strong>52 44 05147 44, cet enregistrement ne vaut pas agr\u00e9ment de l\u2019\u00e9tat<\/p>\n<h4><\/h4>\n<h4>H\u00e9bergeur Site Internet<\/h4>\n<p>OVH \u2013 France, 140 Quai du Sartel \u2013 59100 Roubaix<\/p>\n<h4>R\u00e9alisation du site : Forsane<\/h4>\n<p>Conception graphique : Sonia Berteau<\/p>\n<h4>Propri\u00e9t\u00e9 intellectuelle et marque<\/h4>\n<p><strong>Forsane est une marque d\u00e9pos\u00e9e sous le num\u00e9ro INPI 063468366 CJ<br \/><\/strong>Tous les \u00e9l\u00e9ments de ce site (notamment les logos, graphismes, textes, \u2026) sont la propri\u00e9t\u00e9 de Forsane, \u00e0 l\u2019exclusion des \u00e9l\u00e9ments \u00e9manant de ses partenaires, et sont prot\u00e9g\u00e9s \u00e0 ce titre par la l\u00e9gislation relative aux droits de propri\u00e9t\u00e9 intellectuelle.<br \/>L\u2019utilisateur ne peut en aucun cas utiliser, distribuer, copier, reproduire, modifier, d\u00e9naturer ou transmettre le site ou des \u00e9l\u00e9ments du site sans l&rsquo;autorisation \u00e9crite et pr\u00e9alable de Forsane ou des titulaires des droits.<br \/>Le non-respect de cette interdiction peut constituer une contrefa\u00e7on des droits de propri\u00e9t\u00e9 intellectuelle et peut \u00e0 ce titre engager votre responsabilit\u00e9.<\/p>\n<h4>Contenu du site<\/h4>\n<p><strong>Informations &#8211; Liens hypertextes <\/strong><br \/>Les informations fournies sur le site <a href=\"http:\/\/www.forsane.com\">www.forsane.com<\/a> le sont \u00e0 titre informatif. Forsane, bien que mettant en \u0153uvre les moyens n\u00e9cessaires pour mettre en ligne des informations \u00e0 jour et v\u00e9rifi\u00e9es, ne peut garantir ni l&rsquo;exactitude, ni l&rsquo;actualit\u00e9 des informations diffus\u00e9es sur le site et ne saurait \u00eatre tenu pour responsable des erreurs \u00e9ventuelles.<br \/>Le site\u00a0www.forsane.com contient un certain nombre de liens hypertextes vers d\u2019autres sites (partenaires, informations \u2026) mis en place avec l\u2019autorisation des propri\u00e9taires des sites. Cependant, Forsane\u00a0n\u2019a pas la possibilit\u00e9 de v\u00e9rifier le contenu des sites ainsi visit\u00e9s et d\u00e9cline donc toute responsabilit\u00e9 de ce fait quand aux risques \u00e9ventuels de contenus illicites.<br \/>Par cons\u00e9quent, l&rsquo;utilisateur reconna\u00eet utiliser l&rsquo;ensemble de ces informations sous sa responsabilit\u00e9 exclusive.<\/p>\n<p><strong>Cookies <\/strong><br \/>Lors de la navigation sur notre site, un ou plusieurs cookies sont susceptibles de s\u2019installer automatiquement sur votre ordinateur. Un cookie est un fichier de petite taille, qui ne nous permet pas de vous identifier; en revanche, il enregistre des informations relatives \u00e0 la navigation de votre ordinateur sur notre site. Les donn\u00e9es ainsi obtenues visent \u00e0 faciliter la navigation ult\u00e9rieure sur le site, et ont \u00e9galement vocation \u00e0 permettre diverses mesures statistiques.<br \/>Nous vous informons que vous pouvez vous opposer \u00e0 l&rsquo;enregistrement de \u00ab\u00a0cookies\u00a0\u00bb en param\u00e9trant votre navigateur. Le param\u00e9trage du logiciel de navigation concernant les \u00ab\u00a0cookies\u00a0\u00bb est d\u00e9crit par la Cnil \u00e0 l\u2019adresse suivante : <a href=\"http:\/\/www.cnil.fr\">www.cnil.fr<\/a><\/p>\n<h4>Loi Informatique et Libert\u00e9s &#8211; D\u00e9claration \u00e0 la CNIL<\/h4>\n<p>En conformit\u00e9 avec les dispositions de la loi du 6 janvier 1978 relative \u00e0 l\u2019informatique, aux fichiers et aux libert\u00e9s, le traitement automatis\u00e9 des donn\u00e9es nominatives r\u00e9alis\u00e9 \u00e0 partir de ce site web a fait l\u2019objet d\u2019une d\u00e9claration aupr\u00e8s de la CNIL (Commission Nationale de l\u2019Informatique et des Libert\u00e9s) sous le num\u00e9ro 1972555.<br \/>Les informations nominatives concernant l\u2019utilisateur sont \u00e0 usage interne de la soci\u00e9t\u00e9 FORSANE. En aucun cas, la soci\u00e9t\u00e9 ne les divulguera \u00e0 des tiers \u00e0 des fins de publicit\u00e9 ou de promotion. L\u2019utilisateur est toutefois inform\u00e9 que, conform\u00e9ment \u00e0 l\u2019article 32 de la loi Informatique et Libert\u00e9s du 6 janvier 1978, les r\u00e9ponses donn\u00e9es aux formulaires \u00e9ventuellement pr\u00e9sents sur le site, notamment permettant \u00e0 l\u2019utilisateur d\u2019y d\u00e9poser ses coordonn\u00e9es pour recevoir de la documentation, pourront \u00eatre exploit\u00e9es par la soci\u00e9t\u00e9 FORSANE, et qu\u2019il dispose d\u2019un droit d\u2019acc\u00e8s et de rectification portant sur ces donn\u00e9es en \u00e9crivant \u00e0 : FORSANE &#8211; 35 rue des Olivettes &#8211; 44000 Nantes.<\/p>\n<h4>Conditions g\u00e9n\u00e9rales de vente Forsane<\/h4>\n<p><a href=\"https:\/\/www.forsane.com\/Forsane_cgv.pdf\" target=\"_blank\" rel=\"noopener noreferrer\">Consulter les CGV Forsane en PDF en cliquant ici<br \/><\/a><span style=\"font-size: 14px;\">Toute commande pass\u00e9e aupr\u00e8s de Forsane implique l\u2019adh\u00e9sion enti\u00e8re et sans r\u00e9serve du client aux Conditions G\u00e9n\u00e9rales de Vente Forsane.<\/span><\/p>\n<h4>Droit applicable et attribution de juridiction<\/h4>\n<p>Tout litige en relation avec l\u2019utilisation du site\u00a0www.forsane.com est soumis au droit fran\u00e7ais. L\u2019utilisateur ainsi que\u00a0www.forsane.com acceptent de se soumettre \u00e0 la comp\u00e9tence exclusive des tribunaux Fran\u00e7ais en cas de litige.<\/p>\n<p>[\/et_pb_text][\/et_pb_column][\/et_pb_row][\/et_pb_section]<\/p>\n","protected":false},"excerpt":{"rendered":"<p>La carte d\u2019identit\u00e9 Forsane SARL cr\u00e9\u00e9e en 2006, au capital de 5 000 euros, RCS Nantes 492 397 138, Code Naf\/Ape 7022Z,35 rue des Olivettes &#8211; 44000 Nantes, T\u00e9l : +33 (0)2 40 77 95 62 Objet social : Formation professionnelle, enseignement sous toutes ses formes et sur tous supports, \u00e0 destination de tout public. Conseil, assistance op\u00e9rationnelle et cr\u00e9ation au moyen de tous supports et tous m\u00e9dias(notamment Print, Web, Logiciel) autour des domaines suivants :\u00a0 Marketing ou e-marketing, Communication interne ou externe, Communication \u00e9crite, Communication visuelle, Ing\u00e9nierie de formation Conseil et assistance op\u00e9rationnelle \u00e0 l&rsquo;organisation d&rsquo;\u00e9v\u00e8nements priv\u00e9s, publics ou associatifs Identification TVA : FR57492397138 D\u00e9claration d\u2019existence organisme de formation52 44 05147 44, cet enregistrement ne vaut pas agr\u00e9ment de l\u2019\u00e9tat H\u00e9bergeur Site Internet OVH \u2013 France, 140 Quai du Sartel \u2013 59100 Roubaix R\u00e9alisation du site : Forsane Conception graphique : Sonia Berteau Propri\u00e9t\u00e9 intellectuelle et marque Forsane est une marque d\u00e9pos\u00e9e sous le num\u00e9ro INPI 063468366 CJTous les \u00e9l\u00e9ments de ce site (notamment les logos, graphismes, textes, \u2026) sont la propri\u00e9t\u00e9 de Forsane, \u00e0 l\u2019exclusion des \u00e9l\u00e9ments \u00e9manant de ses partenaires, et sont prot\u00e9g\u00e9s \u00e0 ce titre par la l\u00e9gislation relative aux droits de propri\u00e9t\u00e9 intellectuelle.L\u2019utilisateur ne peut [&hellip;]<\/p>\n","protected":false},"author":1,"featured_media":0,"parent":0,"menu_order":0,"comment_status":"closed","ping_status":"closed","template":"","meta":{"_et_pb_use_builder":"on","_et_pb_old_content":"<h4 id=\"ctitre\">La carte d\u2019identit\u00e9 Forsane<\/h4>\r\n<div>SARL cr\u00e9\u00e9e en 2006, au capital de 10 000 euros, RCS Nantes 492 397 138, Code Naf\/Ape 7022Z,\r\n240 rue des m\u00e9sanges \u2013 44240 Suc\u00e9 sur Erdre, T\u00e9l : +33 (0)2 40 77 95 62<\/div>\r\n<div><\/div>\r\n<div><strong>Objet social :<\/strong><\/div>\r\n<ul>\r\n \t<li>Formation professionnelle, enseignement sous toutes ses formes et sur tous supports, \u00e0 destination de tout public.<\/li>\r\n \t<li>Conseil, assistance op\u00e9rationnelle et cr\u00e9ation au moyen de tous supports et tous m\u00e9dias\r\n(notamment Print, Web, Logiciel) autour des domaines suivants :\u00a0 Marketing ou e-marketing, Communication interne ou externe, Communication \u00e9crite, Communication visuelle o Ing\u00e9nierie de formation, GPEC, Management<\/li>\r\n \t<li>Conseil et assistance op\u00e9rationnelle \u00e0 l'organisation d'\u00e9v\u00e8nements priv\u00e9s, publics ou associatifs<\/li>\r\n<\/ul>\r\nIdentification TVA : FR57492397138\r\n<h5 id=\"ctitre\">D\u00e9claration d\u2019existence organisme de formation<\/h5>\r\n<div id=\"ccont\">52 44 05147 44, cet enregistrement ne vaut pas agr\u00e9ment de l\u2019\u00e9tat<\/div>\r\n<h5 id=\"ctitre\">H\u00e9bergeur Site Internet<\/h5>\r\n<div id=\"ccont\">OVH \u2013 France, 140 Quai du Sartel \u2013 59100 Roubaix<\/div>\r\n<h5>R\u00e9alisation du site : Forsane<\/h5>\r\n<div>Conception graphique : Sonia Berteau<\/div>\r\n<h5><strong>Propri\u00e9t\u00e9 intellectuelle et marque <\/strong><\/h5>\r\n<div><strong>Forsane est une marque d\u00e9pos\u00e9e sous le num\u00e9ro INPI 063468366 CJ\r\n<\/strong>Tous les \u00e9l\u00e9ments de ce site (notamment les logos, graphismes, textes, \u2026) sont la propri\u00e9t\u00e9 de Forsane, \u00e0 l\u2019exclusion des \u00e9l\u00e9ments \u00e9manant de ses partenaires, et sont prot\u00e9g\u00e9s \u00e0 ce titre par la l\u00e9gislation relative aux droits de propri\u00e9t\u00e9 intellectuelle.\r\nL\u2019utilisateur ne peut en aucun cas utiliser, distribuer, copier, reproduire, modifier, d\u00e9naturer ou transmettre le site ou des \u00e9l\u00e9ments du site sans l'autorisation \u00e9crite et pr\u00e9alable de Forsane ou des titulaires des droits.\r\nLe non-respect de cette interdiction peut constituer une contrefa\u00e7on des droits de propri\u00e9t\u00e9 intellectuelle et peut \u00e0 ce titre engager votre responsabilit\u00e9.<\/div>\r\n<h5><strong>Contenu du site<\/strong><\/h5>\r\n<strong>Informations - Liens hypertextes <\/strong>\r\n<div>Les informations fournies sur le site <a href=\"http:\/\/www.forsane.com\">www.forsane.com<\/a> le sont \u00e0 titre informatif. Forsane, bien que mettant en \u0153uvre les moyens n\u00e9cessaires pour mettre en ligne des informations \u00e0 jour et v\u00e9rifi\u00e9es, ne peut garantir ni l'exactitude, ni l'actualit\u00e9 des informations diffus\u00e9es sur le site et ne saurait \u00eatre tenu pour responsable des erreurs \u00e9ventuelles.\r\nLe site\u00a0www.forsane.com contient un certain nombre de liens hypertextes vers d\u2019autres sites (partenaires, informations \u2026) mis en place avec l\u2019autorisation des propri\u00e9taires des sites. Cependant, Forsane\u00a0n\u2019a pas la possibilit\u00e9 de v\u00e9rifier le contenu des sites ainsi visit\u00e9s et d\u00e9cline donc toute responsabilit\u00e9 de ce fait quand aux risques \u00e9ventuels de contenus illicites.\r\nPar cons\u00e9quent, l'utilisateur reconna\u00eet utiliser l'ensemble de ces informations sous sa responsabilit\u00e9 exclusive.<\/div>\r\n<strong>Cookies <\/strong>\r\n<div>Lors de la navigation sur notre site, un ou plusieurs cookies sont susceptibles de s\u2019installer automatiquement sur votre ordinateur. Un cookie est un fichier de petite taille, qui ne nous permet pas de vous identifier; en revanche, il enregistre des informations relatives \u00e0 la navigation de votre ordinateur sur notre site. Les donn\u00e9es ainsi obtenues visent \u00e0 faciliter la navigation ult\u00e9rieure sur le site, et ont \u00e9galement vocation \u00e0 permettre diverses mesures statistiques.<\/div>\r\n<div>Nous vous informons que vous pouvez vous opposer \u00e0 l'enregistrement de \"cookies\" en param\u00e9trant votre navigateur. Le param\u00e9trage du logiciel de navigation concernant les \"cookies\" est d\u00e9crit par la Cnil \u00e0 l\u2019adresse suivante : <a href=\"http:\/\/www.cnil.fr\">www.cnil.fr<\/a><\/div>\r\n<h5 id=\"ctitre\"><strong>Loi Informatique et Libert\u00e9s - <\/strong>D\u00e9claration \u00e0 la CNIL<\/h5>\r\n<div>En conformit\u00e9 avec les dispositions de la loi du 6 janvier 1978 relative \u00e0 l\u2019informatique, aux fichiers et aux libert\u00e9s, le traitement automatis\u00e9 des donn\u00e9es nominatives r\u00e9alis\u00e9 \u00e0 partir de ce site web a fait l\u2019objet d\u2019une d\u00e9claration aupr\u00e8s de la CNIL (Commission Nationale de l\u2019Informatique et des Libert\u00e9s) sous le num\u00e9ro 1972555.\r\nLes informations nominatives concernant l\u2019utilisateur sont \u00e0 usage interne de la soci\u00e9t\u00e9 FORSANE. En aucun cas, la soci\u00e9t\u00e9 ne les divulguera \u00e0 des tiers \u00e0 des fins de publicit\u00e9 ou de promotion. L\u2019utilisateur est toutefois inform\u00e9 que, conform\u00e9ment \u00e0 l\u2019article 32 de la loi Informatique et Libert\u00e9s du 6 janvier 1978, les r\u00e9ponses donn\u00e9es aux formulaires \u00e9ventuellement pr\u00e9sents sur le site, notamment permettant \u00e0 l\u2019utilisateur d\u2019y d\u00e9poser ses coordonn\u00e9es pour recevoir de la documentation, pourront \u00eatre exploit\u00e9es par la soci\u00e9t\u00e9 FORSANE, et qu\u2019il dispose d\u2019un droit d\u2019acc\u00e8s et de rectification portant sur ces donn\u00e9es en \u00e9crivant \u00e0 : FORSANE - 240 rue des M\u00e9sanges, 44240 NANTES.<\/div>\r\n<h5>Droit applicable et attribution de juridiction<\/h5>\r\nTout litige en relation avec l\u2019utilisation du site\u00a0www.forsane.com est soumis au droit fran\u00e7ais. L\u2019utilisateur ainsi que\u00a0www.forsane.com acceptent de se soumettre \u00e0 la comp\u00e9tence exclusive des tribunaux Fran\u00e7ais en cas de litige.","_et_gb_content_width":"","footnotes":""},"class_list":["post-640","page","type-page","status-publish","hentry"],"_links":{"self":[{"href":"https:\/\/www.forsane.com\/formation\/wp-json\/wp\/v2\/pages\/640","targetHints":{"allow":["GET"]}}],"collection":[{"href":"https:\/\/www.forsane.com\/formation\/wp-json\/wp\/v2\/pages"}],"about":[{"href":"https:\/\/www.forsane.com\/formation\/wp-json\/wp\/v2\/types\/page"}],"author":[{"embeddable":true,"href":"https:\/\/www.forsane.com\/formation\/wp-json\/wp\/v2\/users\/1"}],"replies":[{"embeddable":true,"href":"https:\/\/www.forsane.com\/formation\/wp-json\/wp\/v2\/comments?post=640"}],"version-history":[{"count":5,"href":"https:\/\/www.forsane.com\/formation\/wp-json\/wp\/v2\/pages\/640\/revisions"}],"predecessor-version":[{"id":10170,"href":"https:\/\/www.forsane.com\/formation\/wp-json\/wp\/v2\/pages\/640\/revisions\/10170"}],"wp:attachment":[{"href":"https:\/\/www.forsane.com\/formation\/wp-json\/wp\/v2\/media?parent=640"}],"curies":[{"name":"wp","href":"https:\/\/api.w.org\/{rel}","templated":true}]}}