{"id":14,"date":"2018-08-14T16:32:15","date_gmt":"2018-08-14T14:32:15","guid":{"rendered":"https:\/\/forsane.com\/formation\/?page_id=14"},"modified":"2025-03-26T16:36:45","modified_gmt":"2025-03-26T15:36:45","slug":"forsane-formation","status":"publish","type":"page","link":"https:\/\/www.forsane.com\/formation\/","title":{"rendered":"Forsane &#8211; Formation"},"content":{"rendered":"<p>[et_pb_section fb_built=\u00a0\u00bb1&Prime; custom_padding_last_edited=\u00a0\u00bbon|phone\u00a0\u00bb admin_label=\u00a0\u00bbSection (class %22secondary-background-color%22)\u00a0\u00bb _builder_version=\u00a0\u00bb4.18.0&Prime; background_enable_color=\u00a0\u00bboff\u00a0\u00bb use_background_color_gradient=\u00a0\u00bbon\u00a0\u00bb background_color_gradient_direction=\u00a0\u00bb90deg\u00a0\u00bb background_color_gradient_stops=\u00a0\u00bb#3da9de 0%|#6ec3bf 100%\u00a0\u00bb background_color_gradient_start=\u00a0\u00bb#3da9de\u00a0\u00bb background_color_gradient_end=\u00a0\u00bb#47959f\u00a0\u00bb background_image=\u00a0\u00bbhttps:\/\/www.forsane.com\/formation\/wp-content\/uploads\/2022\/10\/Fond-MotifBlanc.png\u00a0\u00bb background_position=\u00a0\u00bbbottom_right\u00a0\u00bb background_blend=\u00a0\u00bboverlay\u00a0\u00bb custom_padding=\u00a0\u00bb70px||70px||true\u00a0\u00bb custom_padding_tablet=\u00a0\u00bb60px||60px||true|false\u00a0\u00bb custom_padding_phone=\u00a0\u00bb30px||30px||true|false\u00a0\u00bb transparent_background=\u00a0\u00bboff\u00a0\u00bb make_fullwidth=\u00a0\u00bboff\u00a0\u00bb use_custom_width=\u00a0\u00bboff\u00a0\u00bb width_unit=\u00a0\u00bbon\u00a0\u00bb saved_tabs=\u00a0\u00bball\u00a0\u00bb global_colors_info=\u00a0\u00bb{}\u00a0\u00bb][et_pb_row _builder_version=\u00a0\u00bb4.16&Prime; _module_preset=\u00a0\u00bbdefault\u00a0\u00bb custom_padding=\u00a0\u00bb0px||||false|false\u00a0\u00bb global_colors_info=\u00a0\u00bb{}\u00a0\u00bb][et_pb_column type=\u00a0\u00bb4_4&Prime; _builder_version=\u00a0\u00bb4.16&Prime; _module_preset=\u00a0\u00bbdefault\u00a0\u00bb global_colors_info=\u00a0\u00bb{}\u00a0\u00bb][dsm_typing_effect before_typing_effect=\u00a0\u00bbFormation professionelle sur Nantes : \u00a0\u00bb typing_effect=\u00a0\u00bbIndesign |Photoshop|Illustrator|Wordpress|R\u00e9seaux sociaux\u00a0\u00bb before_new_line=\u00a0\u00bbon\u00a0\u00bb after_new_line=\u00a0\u00bboff\u00a0\u00bb disabled_on=\u00a0\u00bbon|on|off\u00a0\u00bb _builder_version=\u00a0\u00bb4.18.0&Prime; _module_preset=\u00a0\u00bbdefault\u00a0\u00bb header_font=\u00a0\u00bbRoudGothic|600|||||||\u00a0\u00bb header_text_align=\u00a0\u00bbcenter\u00a0\u00bb header_text_color=\u00a0\u00bb#1D292F\u00a0\u00bb header_font_size=\u00a0\u00bb48px\u00a0\u00bb header_line_height=\u00a0\u00bb1.5em\u00a0\u00bb before_font=\u00a0\u00bb|600|||||||\u00a0\u00bb before_text_color=\u00a0\u00bb#1D292F\u00a0\u00bb before_font_size=\u00a0\u00bb35px\u00a0\u00bb before_line_height=\u00a0\u00bb1.5em\u00a0\u00bb header_font_size_last_edited=\u00a0\u00bboff|tablet\u00a0\u00bb global_colors_info=\u00a0\u00bb{}\u00a0\u00bb][\/dsm_typing_effect][et_pb_text disabled_on=\u00a0\u00bboff|off|on\u00a0\u00bb _builder_version=\u00a0\u00bb4.18.0&Prime; _module_preset=\u00a0\u00bbdefault\u00a0\u00bb header_font=\u00a0\u00bbRoudGothic|600|||||||\u00a0\u00bb header_text_align=\u00a0\u00bbcenter\u00a0\u00bb header_text_color=\u00a0\u00bb#1D292F\u00a0\u00bb header_font_size=\u00a0\u00bb35px\u00a0\u00bb header_line_height=\u00a0\u00bb1.5em\u00a0\u00bb header_font_tablet=\u00a0\u00bbRoudGothic|600|||||||\u00a0\u00bb header_font_phone=\u00a0\u00bb|600|||||||\u00a0\u00bb header_font_last_edited=\u00a0\u00bbon|tablet\u00a0\u00bb global_colors_info=\u00a0\u00bb{}\u00a0\u00bb]<\/p>\n<h1>Formation professionnelle sur Nantes<\/h1>\n<p>[\/et_pb_text][et_pb_divider show_divider=\u00a0\u00bboff\u00a0\u00bb _builder_version=\u00a0\u00bb4.16&Prime; _module_preset=\u00a0\u00bbdefault\u00a0\u00bb custom_margin=\u00a0\u00bb||||false|false\u00a0\u00bb global_colors_info=\u00a0\u00bb{}\u00a0\u00bb][\/et_pb_divider][\/et_pb_column][\/et_pb_row][\/et_pb_section][et_pb_section fb_built=\u00a0\u00bb1&Prime; _builder_version=\u00a0\u00bb4.16&Prime; _module_preset=\u00a0\u00bbdefault\u00a0\u00bb background_color=\u00a0\u00bb#F7F7F7&Prime; global_colors_info=\u00a0\u00bb{}\u00a0\u00bb][et_pb_row column_structure=\u00a0\u00bb1_2,1_2&Prime; use_custom_gutter=\u00a0\u00bbon\u00a0\u00bb gutter_width=\u00a0\u00bb2&Prime; _builder_version=\u00a0\u00bb4.21.0&Prime; _module_preset=\u00a0\u00bbdefault\u00a0\u00bb max_width=\u00a0\u00bb700px\u00a0\u00bb max_width_tablet=\u00a0\u00bb700px\u00a0\u00bb max_width_phone=\u00a0\u00bb700px\u00a0\u00bb max_width_last_edited=\u00a0\u00bbon|desktop\u00a0\u00bb custom_margin=\u00a0\u00bb-180px||||false|false\u00a0\u00bb custom_padding=\u00a0\u00bb||||false|false\u00a0\u00bb animation_style=\u00a0\u00bbslide\u00a0\u00bb animation_direction=\u00a0\u00bbbottom\u00a0\u00bb animation_intensity_slide=\u00a0\u00bb5%\u00a0\u00bb animation_starting_opacity=\u00a0\u00bb100%\u00a0\u00bb global_colors_info=\u00a0\u00bb{}\u00a0\u00bb][et_pb_column type=\u00a0\u00bb1_2&Prime; _builder_version=\u00a0\u00bb4.16&Prime; _module_preset=\u00a0\u00bbdefault\u00a0\u00bb global_colors_info=\u00a0\u00bb{}\u00a0\u00bb][dsm_card title=\u00a0\u00bbIndesign, Photoshop, Illustrator\u00a0\u00bb subtitle=\u00a0\u00bbS\u00e9curiser votre pratique par l\u2019acquisition de techniques et outils avec les logiciels ADOBE\u00ae.\u00a0\u00bb image=\u00a0\u00bbhttps:\/\/www.forsane.com\/formation\/wp-content\/uploads\/2022\/10\/Icon-Formation-Reseau.png\u00a0\u00bb image_as_background=\u00a0\u00bboff\u00a0\u00bb badge_text=\u00a0\u00bbLogiciels ADOBE\u00ae\u00a0\u00bb badge_background_color=\u00a0\u00bb#7C2379&Prime; button_text=\u00a0\u00bbJe me forme\u00a0\u00bb button_url=\u00a0\u00bb@ET-DC@eyJkeW5hbWljIjp0cnVlLCJjb250ZW50IjoicG9zdF9saW5rX3VybF9wYWdlIiwic2V0dGluZ3MiOnsicG9zdF9pZCI6Ijc1MyJ9fQ==@\u00a0\u00bb button_url_new_window=\u00a0\u00bb1&Prime; _builder_version=\u00a0\u00bb4.18.0&Prime; _dynamic_attributes=\u00a0\u00bbbutton_url\u00a0\u00bb _module_preset=\u00a0\u00bbdefault\u00a0\u00bb badge_font=\u00a0\u00bb|600||on|||||\u00a0\u00bb badge_text_color=\u00a0\u00bb#F7F7F7&Prime; header_font=\u00a0\u00bbRoudGothic|600|||||||\u00a0\u00bb header_text_color=\u00a0\u00bb#1D292F\u00a0\u00bb header_font_size=\u00a0\u00bb31px\u00a0\u00bb header_line_height=\u00a0\u00bb1.3em\u00a0\u00bb body_text_color=\u00a0\u00bb#1D292F\u00a0\u00bb subhead_text_color=\u00a0\u00bb#1D292F\u00a0\u00bb subhead_font_size=\u00a0\u00bb18px\u00a0\u00bb subhead_line_height=\u00a0\u00bb1.3em\u00a0\u00bb background_color=\u00a0\u00bb#3DA9DE\u00a0\u00bb use_background_color_gradient=\u00a0\u00bbon\u00a0\u00bb background_color_gradient_stops=\u00a0\u00bb#3da9de 0%|#6ec3bf 100%\u00a0\u00bb header_font_size_tablet=\u00a0\u00bb28px\u00a0\u00bb header_font_size_phone=\u00a0\u00bb28px\u00a0\u00bb header_font_size_last_edited=\u00a0\u00bbon|tablet\u00a0\u00bb border_radii=\u00a0\u00bbon|5px|5px|5px|5px\u00a0\u00bb border_radii_image=\u00a0\u00bboff|5px|5px||\u00a0\u00bb box_shadow_style=\u00a0\u00bbpreset3&Prime; box_shadow_color=\u00a0\u00bb#CFCDCE\u00a0\u00bb global_colors_info=\u00a0\u00bb{}\u00a0\u00bb][\/dsm_card][\/et_pb_column][et_pb_column type=\u00a0\u00bb1_2&Prime; _builder_version=\u00a0\u00bb4.16&Prime; _module_preset=\u00a0\u00bbdefault\u00a0\u00bb global_colors_info=\u00a0\u00bb{}\u00a0\u00bb][dsm_card title=\u00a0\u00bbWordpress, Linkedin, Facebook, Instagram, Twitter\u00a0\u00bb subtitle=\u00a0\u00bbAcqu\u00e9rir une m\u00e9thode et des outils afin de faire preuve de pertinence sur le web.\u00a0\u00bb image=\u00a0\u00bbhttps:\/\/www.forsane.com\/formation\/wp-content\/uploads\/2022\/10\/Icone-Formation-Wordpress.png\u00a0\u00bb image_as_background=\u00a0\u00bboff\u00a0\u00bb badge_text=\u00a0\u00bbCommunication Web\u00a0\u00bb badge_background_color=\u00a0\u00bb#7C2379&Prime; button_text=\u00a0\u00bbJe me forme\u00a0\u00bb button_url=\u00a0\u00bb@ET-DC@eyJkeW5hbWljIjp0cnVlLCJjb250ZW50IjoicG9zdF9saW5rX3VybF9wYWdlIiwic2V0dGluZ3MiOnsicG9zdF9pZCI6IjI0NTIwMCJ9fQ==@\u00a0\u00bb button_url_new_window=\u00a0\u00bb1&Prime; _builder_version=\u00a0\u00bb4.18.0&Prime; _dynamic_attributes=\u00a0\u00bbbutton_url\u00a0\u00bb _module_preset=\u00a0\u00bbdefault\u00a0\u00bb badge_font=\u00a0\u00bb|600||on|||||\u00a0\u00bb badge_text_color=\u00a0\u00bb#F7F7F7&Prime; header_font=\u00a0\u00bbRoudGothic|600|||||||\u00a0\u00bb header_text_color=\u00a0\u00bb#1D292F\u00a0\u00bb header_font_size=\u00a0\u00bb30px\u00a0\u00bb header_line_height=\u00a0\u00bb1.3em\u00a0\u00bb subhead_text_color=\u00a0\u00bb#1D292F\u00a0\u00bb subhead_font_size=\u00a0\u00bb18px\u00a0\u00bb subhead_line_height=\u00a0\u00bb1.3em\u00a0\u00bb background_color=\u00a0\u00bb#47959F\u00a0\u00bb use_background_color_gradient=\u00a0\u00bbon\u00a0\u00bb background_color_gradient_stops=\u00a0\u00bb#3da9de 0%|#6ec3bf 100%\u00a0\u00bb border_radii=\u00a0\u00bbon|5px|5px|5px|5px\u00a0\u00bb border_radii_image=\u00a0\u00bboff|5px|5px||\u00a0\u00bb box_shadow_style=\u00a0\u00bbpreset3&Prime; box_shadow_color=\u00a0\u00bb#CFCDCE\u00a0\u00bb global_colors_info=\u00a0\u00bb{}\u00a0\u00bb][\/dsm_card][\/et_pb_column][\/et_pb_row][\/et_pb_section][et_pb_section fb_built=\u00a0\u00bb1&Prime; custom_padding_last_edited=\u00a0\u00bbon|phone\u00a0\u00bb _builder_version=\u00a0\u00bb4.16&Prime; background_color=\u00a0\u00bb#f7f7f7&Prime; use_background_color_gradient=\u00a0\u00bbon\u00a0\u00bb background_color_gradient_stops=\u00a0\u00bb#f7f7f7 50%|#ffffff 50%\u00a0\u00bb background_color_gradient_start=\u00a0\u00bb#f7f7f7&Prime; background_color_gradient_start_position=\u00a0\u00bb50%\u00a0\u00bb background_color_gradient_end=\u00a0\u00bb#ffffff\u00a0\u00bb background_color_gradient_end_position=\u00a0\u00bb50%\u00a0\u00bb custom_margin=\u00a0\u00bb-30px||||false|false\u00a0\u00bb custom_padding=\u00a0\u00bb90px|||||\u00a0\u00bb custom_padding_tablet=\u00a0\u00bb50px||||false|false\u00a0\u00bb custom_padding_phone=\u00a0\u00bb0px||||false|false\u00a0\u00bb bottom_divider_height=\u00a0\u00bb50px\u00a0\u00bb global_colors_info=\u00a0\u00bb{}\u00a0\u00bb][et_pb_row column_structure=\u00a0\u00bb1_2,1_2&Prime; _builder_version=\u00a0\u00bb4.16&Prime; custom_padding=\u00a0\u00bb2px|||||\u00a0\u00bb global_colors_info=\u00a0\u00bb{}\u00a0\u00bb][et_pb_column type=\u00a0\u00bb1_2&Prime; _builder_version=\u00a0\u00bb4.16&Prime; global_colors_info=\u00a0\u00bb{}\u00a0\u00bb][dsm_perspective_image src=\u00a0\u00bbhttps:\/\/www.forsane.com\/formation\/wp-content\/uploads\/2022\/10\/Fichier-1@2x-100.jpg\u00a0\u00bb title_text=\u00a0\u00bbFichier-1@2x-100&Prime; _builder_version=\u00a0\u00bb4.18.0&Prime; _module_preset=\u00a0\u00bbdefault\u00a0\u00bb animation_style=\u00a0\u00bbslide\u00a0\u00bb animation_direction=\u00a0\u00bbbottom\u00a0\u00bb animation_intensity_slide=\u00a0\u00bb5%\u00a0\u00bb animation_starting_opacity=\u00a0\u00bb100%\u00a0\u00bb border_radii=\u00a0\u00bboff|5px|5px||\u00a0\u00bb global_colors_info=\u00a0\u00bb{}\u00a0\u00bb][\/dsm_perspective_image][\/et_pb_column][et_pb_column type=\u00a0\u00bb1_2&Prime; _builder_version=\u00a0\u00bb4.16&Prime; background_color=\u00a0\u00bb#ffffff\u00a0\u00bb custom_padding=\u00a0\u00bb0px|15px|15px|15px|false|false\u00a0\u00bb global_colors_info=\u00a0\u00bb{}\u00a0\u00bb][et_pb_text _builder_version=\u00a0\u00bb4.18.0&Prime; header_font=\u00a0\u00bbRoboto||||||||\u00a0\u00bb header_text_align=\u00a0\u00bbleft\u00a0\u00bb header_text_color=\u00a0\u00bb#f7f7f7&Prime; header_font_size=\u00a0\u00bb40px\u00a0\u00bb header_line_height=\u00a0\u00bb1.5em\u00a0\u00bb header_2_font=\u00a0\u00bbRoudGothic|600|||||||\u00a0\u00bb header_2_font_size=\u00a0\u00bb40px\u00a0\u00bb header_2_line_height=\u00a0\u00bb1.5em\u00a0\u00bb custom_padding=\u00a0\u00bb26px||||false|false\u00a0\u00bb header_font_size_tablet=\u00a0\u00bb\u00a0\u00bb header_font_size_phone=\u00a0\u00bb30px\u00a0\u00bb header_font_size_last_edited=\u00a0\u00bbon|phone\u00a0\u00bb header_2_font_size_tablet=\u00a0\u00bb32px\u00a0\u00bb header_2_font_size_phone=\u00a0\u00bb32px\u00a0\u00bb header_2_font_size_last_edited=\u00a0\u00bbon|tablet\u00a0\u00bb global_colors_info=\u00a0\u00bb{}\u00a0\u00bb]<\/p>\n<h2><span style=\"color: #1d292f;\">Adapter, maintenir et d\u00e9velopper <span style=\"color: #7c2379;\">vos comp\u00e9tences<\/span><\/span><\/h2>\n<p>[\/et_pb_text][et_pb_text _builder_version=\u00a0\u00bb4.18.0&Prime; text_font=\u00a0\u00bbOpen Sans||||||||\u00a0\u00bb text_text_color=\u00a0\u00bb#1d292f\u00a0\u00bb text_font_size=\u00a0\u00bb16px\u00a0\u00bb text_line_height=\u00a0\u00bb1.5em\u00a0\u00bb text_font_size_tablet=\u00a0\u00bb\u00a0\u00bb text_font_size_phone=\u00a0\u00bb18px\u00a0\u00bb text_font_size_last_edited=\u00a0\u00bbon|phone\u00a0\u00bb text_text_align=\u00a0\u00bbcenter\u00a0\u00bb global_colors_info=\u00a0\u00bb{}\u00a0\u00bb]<\/p>\n<p><strong>Afin de<\/strong> <strong>garantir un d\u00e9veloppement efficient pour votre entreprise et vos salari\u00e9s,<\/strong> il est n\u00e9cessaire d\u2019avoir des moyens adapt\u00e9s a votre structure et vos besoins. Et comme chaque cas est unique, nos formations le sont aussi.<\/p>\n<p>[\/et_pb_text][et_pb_button button_url=\u00a0\u00bb@ET-DC@eyJkeW5hbWljIjp0cnVlLCJjb250ZW50IjoicG9zdF9saW5rX3VybF9wYWdlIiwic2V0dGluZ3MiOnsicG9zdF9pZCI6IjI3NCJ9fQ==@\u00a0\u00bb button_text=\u00a0\u00bbNotre m\u00e9thodologie\u00a0\u00bb _builder_version=\u00a0\u00bb4.16&Prime; _dynamic_attributes=\u00a0\u00bbbutton_url\u00a0\u00bb _module_preset=\u00a0\u00bbdefault\u00a0\u00bb global_colors_info=\u00a0\u00bb{}\u00a0\u00bb][\/et_pb_button][\/et_pb_column][\/et_pb_row][\/et_pb_section][et_pb_section fb_built=\u00a0\u00bb1&Prime; fullwidth=\u00a0\u00bbon\u00a0\u00bb _builder_version=\u00a0\u00bb4.18.0&Prime; _module_preset=\u00a0\u00bbdefault\u00a0\u00bb background_enable_image=\u00a0\u00bboff\u00a0\u00bb animation_style=\u00a0\u00bbzoom\u00a0\u00bb animation_intensity_zoom=\u00a0\u00bb15%\u00a0\u00bb global_module=\u00a0\u00bb245085&Prime; saved_tabs=\u00a0\u00bball\u00a0\u00bb global_colors_info=\u00a0\u00bb{}\u00a0\u00bb][et_pb_fullwidth_header title=\u00a0\u00bbEn pr\u00e9sentiel ou \u00e0 distance, vous pouvez programmer une session de formation en intra, ou faire b\u00e9n\u00e9ficier vos salari\u00e9s d\u2019un accompagnement individualis\u00e9.\u00a0\u00bb text_orientation=\u00a0\u00bbcenter\u00a0\u00bb button_one_url=\u00a0\u00bb@ET-DC@eyJkeW5hbWljIjp0cnVlLCJjb250ZW50IjoicG9zdF9saW5rX3VybF9hdHRhY2htZW50Iiwic2V0dGluZ3MiOnsicG9zdF9pZCI6IjI0NTc2MiJ9fQ==@\u00a0\u00bb button_two_text=\u00a0\u00bbContactez-nous\u00a0\u00bb button_two_url=\u00a0\u00bb@ET-DC@eyJkeW5hbWljIjp0cnVlLCJjb250ZW50IjoicG9zdF9saW5rX3VybF9wYWdlIiwic2V0dGluZ3MiOnsicG9zdF9pZCI6IjI4NCJ9fQ==@\u00a0\u00bb _builder_version=\u00a0\u00bb4.27.4&Prime; _dynamic_attributes=\u00a0\u00bbbutton_two_url,button_one_url\u00a0\u00bb _module_preset=\u00a0\u00bbdefault\u00a0\u00bb title_level=\u00a0\u00bbh2&Prime; title_font=\u00a0\u00bb|600|||||||\u00a0\u00bb title_text_color=\u00a0\u00bb#1D292F\u00a0\u00bb title_line_height=\u00a0\u00bb1.5em\u00a0\u00bb background_color=\u00a0\u00bbRGBA(255,255,255,0)\u00a0\u00bb use_background_color_gradient=\u00a0\u00bbon\u00a0\u00bb background_color_gradient_direction=\u00a0\u00bb90deg\u00a0\u00bb background_color_gradient_stops=\u00a0\u00bb#3da9de 0%|#6ec3bf 100%\u00a0\u00bb background_color_gradient_start=\u00a0\u00bb#3da9de\u00a0\u00bb background_color_gradient_end=\u00a0\u00bb#47959f\u00a0\u00bb background_image=\u00a0\u00bbhttps:\/\/www.forsane.com\/formation\/wp-content\/uploads\/2022\/10\/Fond-MotifBlanc.png\u00a0\u00bb background_blend=\u00a0\u00bboverlay\u00a0\u00bb link_option_url_new_window=\u00a0\u00bbon\u00a0\u00bb hover_enabled=\u00a0\u00bb0&Prime; title_font_size_tablet=\u00a0\u00bb25px\u00a0\u00bb title_font_size_phone=\u00a0\u00bb20px\u00a0\u00bb title_font_size_last_edited=\u00a0\u00bbon|phone\u00a0\u00bb global_colors_info=\u00a0\u00bb{}\u00a0\u00bb sticky_enabled=\u00a0\u00bb0&Prime;][\/et_pb_fullwidth_header][\/et_pb_section]<\/p>\n","protected":false},"excerpt":{"rendered":"<p><div class=\"et_pb_module dsm_typing_effect dsm_typing_effect_0 et_pb_bg_layout_light \">\n\t\t\t\t\n\t\t\t\t\n\t\t\t\t\n\t\t\t\t\n\t\t\t\t\n\t\t\t\t\n\t\t\t\t<div class=\"et_pb_module_inner\">\n\t\t\t\t\t<h1 class=\"dsm-typing-effect et_pb_module_header\" aria-label=\"Indesign  Photoshop Illustrator Wordpress R\u00e9seaux sociaux\"><span class=\"dsm-before-typing-effect\">Formation professionelle sur Nantes : <\/span> <br><span class=\"dsm-typing-wrapper\"><span class=\"dsm-typing-strings\">Indesign  Photoshop Illustrator Wordpress R\u00e9seaux sociaux<\/span><span class=\"dsm-typing\" aria-hidden=\"true\" data-dsm-typing-cursor=\"|\" data-dsm-typing-strings=\"Indesign |Photoshop|Illustrator|Wordpress|R\u00e9seaux sociaux\" data-dsm-typing-speed=100ms data-dsm-typing-backspeed=50ms data-dsm-typing-backdelay=700ms data-dsm-typing-loop=true data-dsm-typing-fadeout=false data-dsm-typing-shuffle=false data-dsm-typing-delay=0ms data-dsm-typing-viewport=80% data-dsm-typing-repeat=on><\/span><\/span><\/h1>\n\t\t\t\t<\/div>\n\t\t\t<\/div>Formation professionnelle sur Nantes<div class=\"et_pb_module dsm_card dsm_card_0 et_pb_bg_layout_light  dsm_card_layout_stacked\">\n\t\t\t\t\n\t\t\t\t\n\t\t\t\t\n\t\t\t\t\n\t\t\t\t\n\t\t\t\t\n\t\t\t\t<div class=\"et_pb_module_inner\">\n\t\t\t\t\t\n\t\t\t\n\t\t\t<figure class=\"dsm_card_image_wrapper dsm_card_badge_top_right\"><img decoding=\"async\" src=\"https:\/\/www.forsane.com\/formation\/wp-content\/uploads\/2022\/10\/Icon-Formation-Reseau.png\" alt=\"\" srcset=\"https:\/\/www.forsane.com\/formation\/wp-content\/uploads\/2022\/10\/Icon-Formation-Reseau.png 350w, https:\/\/www.forsane.com\/formation\/wp-content\/uploads\/2022\/10\/Icon-Formation-Reseau-300x154.png 300w\" sizes=\"(max-width: 350px) 100vw, 350px\" class=\"dsm_card_img dsm_card_image_stretch\" \/><div class=\"dsm_card_badge_text\">Logiciels ADOBE\u00ae<\/div><\/figure>\n\t\t\t<div class=\"et_pb_module dsm_card_wrapper et_pb_text_align_left\">\n\t\t\t\t\t\n\t\t\t\t\t<h4 class=\"dsm_card_title et_pb_module_header\">Indesign, Photoshop, Illustrator<\/h4>\n\t\t\t\t\t<div class=\"dsm_card_subtitle\">S\u00e9curiser votre pratique par l\u2019acquisition de techniques et outils avec les logiciels ADOBE\u00ae.<\/div>\n\t\t\t\t\t\n\t\t\t\t\t<div class=\"et_pb_button_wrapper\"><a class=\"et_pb_button et_pb_more_button \" href=\"\">Je me forme<\/a><\/div>\n\t\t\t\t<\/div>\n\t\t\t\n\t\t\t\t<\/div>\n\t\t\t<\/div><div class=\"et_pb_module dsm_card dsm_card_1 et_pb_bg_layout_light  dsm_card_layout_stacked\">\n\t\t\t\t\n\t\t\t\t\n\t\t\t\t\n\t\t\t\t\n\t\t\t\t\n\t\t\t\t\n\t\t\t\t<div class=\"et_pb_module_inner\">\n\t\t\t\t\t\n\t\t\t\n\t\t\t<figure class=\"dsm_card_image_wrapper dsm_card_badge_top_right\"><img decoding=\"async\" src=\"https:\/\/www.forsane.com\/formation\/wp-content\/uploads\/2022\/10\/Icone-Formation-Wordpress.png\" alt=\"\" srcset=\"https:\/\/www.forsane.com\/formation\/wp-content\/uploads\/2022\/10\/Icone-Formation-Wordpress.png 350w, https:\/\/www.forsane.com\/formation\/wp-content\/uploads\/2022\/10\/Icone-Formation-Wordpress-300x155.png 300w\" sizes=\"(max-width: 350px) 100vw, 350px\" class=\"dsm_card_img dsm_card_image_stretch\" \/><div class=\"dsm_card_badge_text\">Communication Web<\/div><\/figure>\n\t\t\t<div class=\"et_pb_module dsm_card_wrapper et_pb_text_align_left\">\n\t\t\t\t\t\n\t\t\t\t\t<h4 class=\"dsm_card_title et_pb_module_header\">Wordpress, Linkedin, Facebook, Instagram, Twitter<\/h4>\n\t\t\t\t\t<div class=\"dsm_card_subtitle\">Acqu\u00e9rir une m\u00e9thode et des outils afin de faire preuve de pertinence sur le web.<\/div>\n\t\t\t\t\t\n\t\t\t\t\t<div class=\"et_pb_button_wrapper\"><a class=\"et_pb_button et_pb_more_button \" href=\"\">Je me forme<\/a><\/div>\n\t\t\t\t<\/div>\n\t\t\t\n\t\t\t\t<\/div>\n\t\t\t<\/div><div class=\"et_pb_module dsm_perspective_image dsm_perspective_image_0 et_animated et-waypoint\">\n\t\t\t\t\n\t\t\t\t\n\t\t\t\t\n\t\t\t\t\n\t\t\t\t\n\t\t\t\t\n\t\t\t\t<div class=\"et_pb_module_inner\">\n\t\t\t\t\t<div class=\"dsm-perspective-image-wrapper et_always_center_on_mobile\">\n\t\t\t\t\n\t\t\t\t\n\t\t\t\t<span class=\"et_pb_image_wrap \"><img decoding=\"async\" src=\"https:\/\/www.forsane.com\/formation\/wp-content\/uploads\/2022\/10\/Fichier-1@2x-100.jpg\" alt=\"\" title=\"Fichier-1@2x-100\" \/><\/span>\n\t\t\t<\/div>\n\t\t\t\t<\/div>\n\t\t\t<\/div>Adapter, maintenir et d\u00e9velopper vos comp\u00e9tencesAfin de garantir un d\u00e9veloppement efficient pour votre entreprise et vos salari\u00e9s, il est n\u00e9cessaire d\u2019avoir des moyens adapt\u00e9s a votre structure et vos besoins. Et comme chaque cas est unique, nos formations le sont aussi.<\/p>\n","protected":false},"author":1,"featured_media":0,"parent":0,"menu_order":0,"comment_status":"closed","ping_status":"closed","template":"","meta":{"_et_pb_use_builder":"on","_et_pb_old_content":"","_et_gb_content_width":"","footnotes":""},"class_list":["post-14","page","type-page","status-publish","hentry"],"_links":{"self":[{"href":"https:\/\/www.forsane.com\/formation\/wp-json\/wp\/v2\/pages\/14","targetHints":{"allow":["GET"]}}],"collection":[{"href":"https:\/\/www.forsane.com\/formation\/wp-json\/wp\/v2\/pages"}],"about":[{"href":"https:\/\/www.forsane.com\/formation\/wp-json\/wp\/v2\/types\/page"}],"author":[{"embeddable":true,"href":"https:\/\/www.forsane.com\/formation\/wp-json\/wp\/v2\/users\/1"}],"replies":[{"embeddable":true,"href":"https:\/\/www.forsane.com\/formation\/wp-json\/wp\/v2\/comments?post=14"}],"version-history":[{"count":104,"href":"https:\/\/www.forsane.com\/formation\/wp-json\/wp\/v2\/pages\/14\/revisions"}],"predecessor-version":[{"id":245798,"href":"https:\/\/www.forsane.com\/formation\/wp-json\/wp\/v2\/pages\/14\/revisions\/245798"}],"wp:attachment":[{"href":"https:\/\/www.forsane.com\/formation\/wp-json\/wp\/v2\/media?parent=14"}],"curies":[{"name":"wp","href":"https:\/\/api.w.org\/{rel}","templated":true}]}}